{"id":11346,"date":"2022-01-03T13:56:44","date_gmt":"2022-01-03T12:56:44","guid":{"rendered":"https:\/\/www.leaderpool.fr\/?page_id=11346"},"modified":"2022-01-03T13:56:44","modified_gmt":"2022-01-03T12:56:44","slug":"piscine-beton-alpes-maritimes","status":"publish","type":"page","link":"https:\/\/www.leaderpool.fr\/en\/piscine-beton-alpes-maritimes\/","title":{"rendered":"(Fran\u00e7ais) Piscine b\u00e9ton Alpes Maritimes"},"content":{"rendered":"<p class=\"qtranxs-available-languages-message qtranxs-available-languages-message-en\">Sorry, this entry is only available in <a href=\"https:\/\/www.leaderpool.fr\/fr\/wp-json\/wp\/v2\/pages\/11346\" class=\"qtranxs-available-language-link qtranxs-available-language-link-fr\" title=\"Fran\u00e7ais\">Fran\u00e7ais<\/a>.<\/p>","protected":false},"excerpt":{"rendered":"<p>Sorry, this entry is only available in Fran\u00e7ais.<\/p>\n","protected":false},"author":1,"featured_media":0,"parent":0,"menu_order":0,"comment_status":"closed","ping_status":"closed","template":"","meta":{"footnotes":""},"class_list":["post-11346","page","type-page","status-publish","hentry","description-off"],"yoast_head":"<!-- This site is optimized with the Yoast SEO plugin v23.9 - https:\/\/yoast.com\/wordpress\/plugins\/seo\/ -->\n<title><\/title>\n<meta name=\"description\" content=\"Piscine b\u00e9ton Alpes Maritimes, Leader Pool depuis plus de 15 ans. Construisez votre piscine sur mesure, personnalis\u00e9e, comme dans vos r\u00eaves.\" \/>\n<meta name=\"robots\" content=\"index, follow, max-snippet:-1, max-image-preview:large, max-video-preview:-1\" \/>\n<link rel=\"canonical\" href=\"https:\/\/www.leaderpool.fr\/piscine-beton-alpes-maritimes\/\" \/>\n<meta property=\"og:locale\" content=\"en_US\" \/>\n<meta property=\"og:type\" content=\"article\" \/>\n<meta property=\"og:title\" content=\"[:fr]Piscine b\u00e9ton Alpes Maritimes[:] - Leaderpool\" \/>\n<meta property=\"og:description\" content=\"Piscine b\u00e9ton Alpes Maritimes, Leader Pool depuis plus de 15 ans. Construisez votre piscine sur mesure, personnalis\u00e9e, comme dans vos r\u00eaves.\" \/>\n<meta property=\"og:url\" content=\"https:\/\/www.leaderpool.fr\/piscine-beton-alpes-maritimes\/\" \/>\n<meta property=\"og:site_name\" content=\"Leaderpool\" \/>\n<meta name=\"twitter:card\" content=\"summary_large_image\" \/>\n<meta name=\"twitter:label1\" content=\"Est. reading time\" \/>\n\t<meta name=\"twitter:data1\" content=\"2 minutes\" \/>\n<script type=\"application\/ld+json\" class=\"yoast-schema-graph\">{\"@context\":\"https:\/\/schema.org\",\"@graph\":[{\"@type\":\"WebPage\",\"@id\":\"https:\/\/www.leaderpool.fr\/piscine-beton-alpes-maritimes\/\",\"url\":\"https:\/\/www.leaderpool.fr\/piscine-beton-alpes-maritimes\/\",\"name\":\"[:fr]Piscine b\u00e9ton Alpes Maritimes[:] - Leaderpool\",\"isPartOf\":{\"@id\":\"https:\/\/www.leaderpool.fr\/#website\"},\"datePublished\":\"2022-01-03T12:56:44+00:00\",\"dateModified\":\"2022-01-03T12:56:44+00:00\",\"description\":\"Piscine b\u00e9ton Alpes Maritimes, Leader Pool depuis plus de 15 ans. Construisez votre piscine sur mesure, personnalis\u00e9e, comme dans vos r\u00eaves.\",\"breadcrumb\":{\"@id\":\"https:\/\/www.leaderpool.fr\/piscine-beton-alpes-maritimes\/#breadcrumb\"},\"inLanguage\":\"en-US\",\"potentialAction\":[{\"@type\":\"ReadAction\",\"target\":[\"https:\/\/www.leaderpool.fr\/piscine-beton-alpes-maritimes\/\"]}]},{\"@type\":\"BreadcrumbList\",\"@id\":\"https:\/\/www.leaderpool.fr\/piscine-beton-alpes-maritimes\/#breadcrumb\",\"itemListElement\":[{\"@type\":\"ListItem\",\"position\":1,\"name\":\"Accueil\",\"item\":\"https:\/\/www.leaderpool.fr\/\"},{\"@type\":\"ListItem\",\"position\":2,\"name\":\"Piscine b\u00e9ton Alpes Maritimes\"}]},{\"@type\":\"WebSite\",\"@id\":\"https:\/\/www.leaderpool.fr\/#website\",\"url\":\"https:\/\/www.leaderpool.fr\/\",\"name\":\"Leader Pool - Piscines en b\u00e9ton arm\u00e9 monobloc\",\"description\":\"Constructeur de piscine en b\u00e9ton arm\u00e9\",\"publisher\":{\"@id\":\"https:\/\/www.leaderpool.fr\/#organization\"},\"potentialAction\":[{\"@type\":\"SearchAction\",\"target\":{\"@type\":\"EntryPoint\",\"urlTemplate\":\"https:\/\/www.leaderpool.fr\/?s={search_term_string}\"},\"query-input\":{\"@type\":\"PropertyValueSpecification\",\"valueRequired\":true,\"valueName\":\"search_term_string\"}}],\"inLanguage\":\"en-US\"},{\"@type\":\"Organization\",\"@id\":\"https:\/\/www.leaderpool.fr\/#organization\",\"name\":\"Leader Pool\",\"url\":\"https:\/\/www.leaderpool.fr\/\",\"logo\":{\"@type\":\"ImageObject\",\"inLanguage\":\"en-US\",\"@id\":\"https:\/\/www.leaderpool.fr\/#\/schema\/logo\/image\/\",\"url\":\"https:\/\/www.leaderpool.fr\/wp-content\/uploads\/2019\/04\/LEADERPOOL-LogoNoir-HD.png\",\"contentUrl\":\"https:\/\/www.leaderpool.fr\/wp-content\/uploads\/2019\/04\/LEADERPOOL-LogoNoir-HD.png\",\"width\":438,\"height\":137,\"caption\":\"Leader Pool\"},\"image\":{\"@id\":\"https:\/\/www.leaderpool.fr\/#\/schema\/logo\/image\/\"},\"sameAs\":[\"https:\/\/www.pinterest.fr\/leaderpool\",\"https:\/\/www.instagram.com\/leader.pool\/\"]}]}<\/script>\n<!-- \/ Yoast SEO plugin. -->","yoast_head_json":{"title":"[:fr]Piscine b\u00e9ton Alpes Maritimes[:] - Leaderpool","description":"Piscine b\u00e9ton Alpes Maritimes, Leader Pool depuis plus de 15 ans. Construisez votre piscine sur mesure, personnalis\u00e9e, comme dans vos r\u00eaves.","robots":{"index":"index","follow":"follow","max-snippet":"max-snippet:-1","max-image-preview":"max-image-preview:large","max-video-preview":"max-video-preview:-1"},"canonical":"https:\/\/www.leaderpool.fr\/piscine-beton-alpes-maritimes\/","og_locale":"en_US","og_type":"article","og_title":"[:fr]Piscine b\u00e9ton Alpes Maritimes[:] - Leaderpool","og_description":"Piscine b\u00e9ton Alpes Maritimes, Leader Pool depuis plus de 15 ans. Construisez votre piscine sur mesure, personnalis\u00e9e, comme dans vos r\u00eaves.","og_url":"https:\/\/www.leaderpool.fr\/piscine-beton-alpes-maritimes\/","og_site_name":"Leaderpool","twitter_card":"summary_large_image","twitter_misc":{"Est. reading time":"2 minutes"},"schema":{"@context":"https:\/\/schema.org","@graph":[{"@type":"WebPage","@id":"https:\/\/www.leaderpool.fr\/piscine-beton-alpes-maritimes\/","url":"https:\/\/www.leaderpool.fr\/piscine-beton-alpes-maritimes\/","name":"[:fr]Piscine b\u00e9ton Alpes Maritimes[:] - Leaderpool","isPartOf":{"@id":"https:\/\/www.leaderpool.fr\/#website"},"datePublished":"2022-01-03T12:56:44+00:00","dateModified":"2022-01-03T12:56:44+00:00","description":"Piscine b\u00e9ton Alpes Maritimes, Leader Pool depuis plus de 15 ans. Construisez votre piscine sur mesure, personnalis\u00e9e, comme dans vos r\u00eaves.","breadcrumb":{"@id":"https:\/\/www.leaderpool.fr\/piscine-beton-alpes-maritimes\/#breadcrumb"},"inLanguage":"en-US","potentialAction":[{"@type":"ReadAction","target":["https:\/\/www.leaderpool.fr\/piscine-beton-alpes-maritimes\/"]}]},{"@type":"BreadcrumbList","@id":"https:\/\/www.leaderpool.fr\/piscine-beton-alpes-maritimes\/#breadcrumb","itemListElement":[{"@type":"ListItem","position":1,"name":"Accueil","item":"https:\/\/www.leaderpool.fr\/"},{"@type":"ListItem","position":2,"name":"Piscine b\u00e9ton Alpes Maritimes"}]},{"@type":"WebSite","@id":"https:\/\/www.leaderpool.fr\/#website","url":"https:\/\/www.leaderpool.fr\/","name":"Leader Pool - Piscines en b\u00e9ton arm\u00e9 monobloc","description":"Constructeur de piscine en b\u00e9ton arm\u00e9","publisher":{"@id":"https:\/\/www.leaderpool.fr\/#organization"},"potentialAction":[{"@type":"SearchAction","target":{"@type":"EntryPoint","urlTemplate":"https:\/\/www.leaderpool.fr\/?s={search_term_string}"},"query-input":{"@type":"PropertyValueSpecification","valueRequired":true,"valueName":"search_term_string"}}],"inLanguage":"en-US"},{"@type":"Organization","@id":"https:\/\/www.leaderpool.fr\/#organization","name":"Leader Pool","url":"https:\/\/www.leaderpool.fr\/","logo":{"@type":"ImageObject","inLanguage":"en-US","@id":"https:\/\/www.leaderpool.fr\/#\/schema\/logo\/image\/","url":"https:\/\/www.leaderpool.fr\/wp-content\/uploads\/2019\/04\/LEADERPOOL-LogoNoir-HD.png","contentUrl":"https:\/\/www.leaderpool.fr\/wp-content\/uploads\/2019\/04\/LEADERPOOL-LogoNoir-HD.png","width":438,"height":137,"caption":"Leader Pool"},"image":{"@id":"https:\/\/www.leaderpool.fr\/#\/schema\/logo\/image\/"},"sameAs":["https:\/\/www.pinterest.fr\/leaderpool","https:\/\/www.instagram.com\/leader.pool\/"]}]}},"_links":{"self":[{"href":"https:\/\/www.leaderpool.fr\/en\/wp-json\/wp\/v2\/pages\/11346","targetHints":{"allow":["GET"]}}],"collection":[{"href":"https:\/\/www.leaderpool.fr\/en\/wp-json\/wp\/v2\/pages"}],"about":[{"href":"https:\/\/www.leaderpool.fr\/en\/wp-json\/wp\/v2\/types\/page"}],"author":[{"embeddable":true,"href":"https:\/\/www.leaderpool.fr\/en\/wp-json\/wp\/v2\/users\/1"}],"replies":[{"embeddable":true,"href":"https:\/\/www.leaderpool.fr\/en\/wp-json\/wp\/v2\/comments?post=11346"}],"version-history":[{"count":0,"href":"https:\/\/www.leaderpool.fr\/en\/wp-json\/wp\/v2\/pages\/11346\/revisions"}],"wp:attachment":[{"href":"https:\/\/www.leaderpool.fr\/en\/wp-json\/wp\/v2\/media?parent=11346"}],"curies":[{"name":"wp","href":"https:\/\/api.w.org\/{rel}","templated":true}]}}