{"id":21058,"date":"2024-06-19T09:30:22","date_gmt":"2024-06-19T07:30:22","guid":{"rendered":"https:\/\/www.leaderpool.fr\/?page_id=21058"},"modified":"2024-06-19T09:30:22","modified_gmt":"2024-06-19T07:30:22","slug":"piscine-beton-piscines-en-beton-leaderpool","status":"publish","type":"page","link":"https:\/\/www.leaderpool.fr\/en\/piscine-beton-piscines-en-beton-leaderpool\/","title":{"rendered":"(Fran\u00e7ais) La piscine en b\u00e9ton : le choix de la durabilit\u00e9 et de l&#8217;\u00e9l\u00e9gance"},"content":{"rendered":"<p class=\"qtranxs-available-languages-message qtranxs-available-languages-message-en\">Sorry, this entry is only available in <a href=\"https:\/\/www.leaderpool.fr\/fr\/wp-json\/wp\/v2\/pages\/21058\" class=\"qtranxs-available-language-link qtranxs-available-language-link-fr\" title=\"Fran\u00e7ais\">Fran\u00e7ais<\/a>.<\/p>","protected":false},"excerpt":{"rendered":"<p>Sorry, this entry is only available in Fran\u00e7ais.<\/p>\n","protected":false},"author":1,"featured_media":0,"parent":0,"menu_order":0,"comment_status":"closed","ping_status":"closed","template":"","meta":{"footnotes":""},"class_list":["post-21058","page","type-page","status-publish","hentry","description-off"],"yoast_head":"<!-- This site is optimized with the Yoast SEO plugin v23.9 - https:\/\/yoast.com\/wordpress\/plugins\/seo\/ -->\n<title>Piscine b\u00e9ton : le choix de la robustesse et de l&#039;\u00e9l\u00e9gance<\/title>\n<meta name=\"description\" content=\"Piscine b\u00e9ton : ses avantages, les \u00e9tapes de construction. Pourquoi ce choix est id\u00e9al pour investir dans la qualit\u00e9 et la durabilit\u00e9 ?\" \/>\n<meta name=\"robots\" content=\"index, follow, max-snippet:-1, max-image-preview:large, max-video-preview:-1\" \/>\n<link rel=\"canonical\" href=\"https:\/\/www.leaderpool.fr\/piscine-beton-piscines-en-beton-leaderpool\/\" \/>\n<meta property=\"og:locale\" content=\"en_US\" \/>\n<meta property=\"og:type\" content=\"article\" \/>\n<meta property=\"og:title\" content=\"Piscine b\u00e9ton : le choix de la robustesse et de l&#039;\u00e9l\u00e9gance\" \/>\n<meta property=\"og:description\" content=\"Piscine b\u00e9ton : ses avantages, les \u00e9tapes de construction. Pourquoi ce choix est id\u00e9al pour investir dans la qualit\u00e9 et la durabilit\u00e9 ?\" \/>\n<meta property=\"og:url\" content=\"https:\/\/www.leaderpool.fr\/piscine-beton-piscines-en-beton-leaderpool\/\" \/>\n<meta property=\"og:site_name\" content=\"Leaderpool\" \/>\n<meta name=\"twitter:card\" content=\"summary_large_image\" \/>\n<meta name=\"twitter:label1\" content=\"Est. reading time\" \/>\n\t<meta name=\"twitter:data1\" content=\"5 minutes\" \/>\n<script type=\"application\/ld+json\" class=\"yoast-schema-graph\">{\"@context\":\"https:\/\/schema.org\",\"@graph\":[{\"@type\":\"WebPage\",\"@id\":\"https:\/\/www.leaderpool.fr\/piscine-beton-piscines-en-beton-leaderpool\/\",\"url\":\"https:\/\/www.leaderpool.fr\/piscine-beton-piscines-en-beton-leaderpool\/\",\"name\":\"Piscine b\u00e9ton : le choix de la robustesse et de l'\u00e9l\u00e9gance\",\"isPartOf\":{\"@id\":\"https:\/\/www.leaderpool.fr\/#website\"},\"datePublished\":\"2024-06-19T07:30:22+00:00\",\"dateModified\":\"2024-06-19T07:30:22+00:00\",\"description\":\"Piscine b\u00e9ton : ses avantages, les \u00e9tapes de construction. Pourquoi ce choix est id\u00e9al pour investir dans la qualit\u00e9 et la durabilit\u00e9 ?\",\"breadcrumb\":{\"@id\":\"https:\/\/www.leaderpool.fr\/piscine-beton-piscines-en-beton-leaderpool\/#breadcrumb\"},\"inLanguage\":\"en-US\",\"potentialAction\":[{\"@type\":\"ReadAction\",\"target\":[\"https:\/\/www.leaderpool.fr\/piscine-beton-piscines-en-beton-leaderpool\/\"]}]},{\"@type\":\"BreadcrumbList\",\"@id\":\"https:\/\/www.leaderpool.fr\/piscine-beton-piscines-en-beton-leaderpool\/#breadcrumb\",\"itemListElement\":[{\"@type\":\"ListItem\",\"position\":1,\"name\":\"Accueil\",\"item\":\"https:\/\/www.leaderpool.fr\/\"},{\"@type\":\"ListItem\",\"position\":2,\"name\":\"La piscine en b\u00e9ton : le choix de la durabilit\u00e9 et de l&rsquo;\u00e9l\u00e9gance\"}]},{\"@type\":\"WebSite\",\"@id\":\"https:\/\/www.leaderpool.fr\/#website\",\"url\":\"https:\/\/www.leaderpool.fr\/\",\"name\":\"Leader Pool - Piscines en b\u00e9ton arm\u00e9 monobloc\",\"description\":\"Constructeur de piscine en b\u00e9ton arm\u00e9\",\"publisher\":{\"@id\":\"https:\/\/www.leaderpool.fr\/#organization\"},\"potentialAction\":[{\"@type\":\"SearchAction\",\"target\":{\"@type\":\"EntryPoint\",\"urlTemplate\":\"https:\/\/www.leaderpool.fr\/?s={search_term_string}\"},\"query-input\":{\"@type\":\"PropertyValueSpecification\",\"valueRequired\":true,\"valueName\":\"search_term_string\"}}],\"inLanguage\":\"en-US\"},{\"@type\":\"Organization\",\"@id\":\"https:\/\/www.leaderpool.fr\/#organization\",\"name\":\"Leader Pool\",\"url\":\"https:\/\/www.leaderpool.fr\/\",\"logo\":{\"@type\":\"ImageObject\",\"inLanguage\":\"en-US\",\"@id\":\"https:\/\/www.leaderpool.fr\/#\/schema\/logo\/image\/\",\"url\":\"https:\/\/www.leaderpool.fr\/wp-content\/uploads\/2019\/04\/LEADERPOOL-LogoNoir-HD.png\",\"contentUrl\":\"https:\/\/www.leaderpool.fr\/wp-content\/uploads\/2019\/04\/LEADERPOOL-LogoNoir-HD.png\",\"width\":438,\"height\":137,\"caption\":\"Leader Pool\"},\"image\":{\"@id\":\"https:\/\/www.leaderpool.fr\/#\/schema\/logo\/image\/\"},\"sameAs\":[\"https:\/\/www.pinterest.fr\/leaderpool\",\"https:\/\/www.instagram.com\/leader.pool\/\"]}]}<\/script>\n<!-- \/ Yoast SEO plugin. -->","yoast_head_json":{"title":"Piscine b\u00e9ton : le choix de la robustesse et de l'\u00e9l\u00e9gance","description":"Piscine b\u00e9ton : ses avantages, les \u00e9tapes de construction. Pourquoi ce choix est id\u00e9al pour investir dans la qualit\u00e9 et la durabilit\u00e9 ?","robots":{"index":"index","follow":"follow","max-snippet":"max-snippet:-1","max-image-preview":"max-image-preview:large","max-video-preview":"max-video-preview:-1"},"canonical":"https:\/\/www.leaderpool.fr\/piscine-beton-piscines-en-beton-leaderpool\/","og_locale":"en_US","og_type":"article","og_title":"Piscine b\u00e9ton : le choix de la robustesse et de l'\u00e9l\u00e9gance","og_description":"Piscine b\u00e9ton : ses avantages, les \u00e9tapes de construction. Pourquoi ce choix est id\u00e9al pour investir dans la qualit\u00e9 et la durabilit\u00e9 ?","og_url":"https:\/\/www.leaderpool.fr\/piscine-beton-piscines-en-beton-leaderpool\/","og_site_name":"Leaderpool","twitter_card":"summary_large_image","twitter_misc":{"Est. reading time":"5 minutes"},"schema":{"@context":"https:\/\/schema.org","@graph":[{"@type":"WebPage","@id":"https:\/\/www.leaderpool.fr\/piscine-beton-piscines-en-beton-leaderpool\/","url":"https:\/\/www.leaderpool.fr\/piscine-beton-piscines-en-beton-leaderpool\/","name":"Piscine b\u00e9ton : le choix de la robustesse et de l'\u00e9l\u00e9gance","isPartOf":{"@id":"https:\/\/www.leaderpool.fr\/#website"},"datePublished":"2024-06-19T07:30:22+00:00","dateModified":"2024-06-19T07:30:22+00:00","description":"Piscine b\u00e9ton : ses avantages, les \u00e9tapes de construction. Pourquoi ce choix est id\u00e9al pour investir dans la qualit\u00e9 et la durabilit\u00e9 ?","breadcrumb":{"@id":"https:\/\/www.leaderpool.fr\/piscine-beton-piscines-en-beton-leaderpool\/#breadcrumb"},"inLanguage":"en-US","potentialAction":[{"@type":"ReadAction","target":["https:\/\/www.leaderpool.fr\/piscine-beton-piscines-en-beton-leaderpool\/"]}]},{"@type":"BreadcrumbList","@id":"https:\/\/www.leaderpool.fr\/piscine-beton-piscines-en-beton-leaderpool\/#breadcrumb","itemListElement":[{"@type":"ListItem","position":1,"name":"Accueil","item":"https:\/\/www.leaderpool.fr\/"},{"@type":"ListItem","position":2,"name":"La piscine en b\u00e9ton : le choix de la durabilit\u00e9 et de l&rsquo;\u00e9l\u00e9gance"}]},{"@type":"WebSite","@id":"https:\/\/www.leaderpool.fr\/#website","url":"https:\/\/www.leaderpool.fr\/","name":"Leader Pool - Piscines en b\u00e9ton arm\u00e9 monobloc","description":"Constructeur de piscine en b\u00e9ton arm\u00e9","publisher":{"@id":"https:\/\/www.leaderpool.fr\/#organization"},"potentialAction":[{"@type":"SearchAction","target":{"@type":"EntryPoint","urlTemplate":"https:\/\/www.leaderpool.fr\/?s={search_term_string}"},"query-input":{"@type":"PropertyValueSpecification","valueRequired":true,"valueName":"search_term_string"}}],"inLanguage":"en-US"},{"@type":"Organization","@id":"https:\/\/www.leaderpool.fr\/#organization","name":"Leader Pool","url":"https:\/\/www.leaderpool.fr\/","logo":{"@type":"ImageObject","inLanguage":"en-US","@id":"https:\/\/www.leaderpool.fr\/#\/schema\/logo\/image\/","url":"https:\/\/www.leaderpool.fr\/wp-content\/uploads\/2019\/04\/LEADERPOOL-LogoNoir-HD.png","contentUrl":"https:\/\/www.leaderpool.fr\/wp-content\/uploads\/2019\/04\/LEADERPOOL-LogoNoir-HD.png","width":438,"height":137,"caption":"Leader Pool"},"image":{"@id":"https:\/\/www.leaderpool.fr\/#\/schema\/logo\/image\/"},"sameAs":["https:\/\/www.pinterest.fr\/leaderpool","https:\/\/www.instagram.com\/leader.pool\/"]}]}},"_links":{"self":[{"href":"https:\/\/www.leaderpool.fr\/en\/wp-json\/wp\/v2\/pages\/21058","targetHints":{"allow":["GET"]}}],"collection":[{"href":"https:\/\/www.leaderpool.fr\/en\/wp-json\/wp\/v2\/pages"}],"about":[{"href":"https:\/\/www.leaderpool.fr\/en\/wp-json\/wp\/v2\/types\/page"}],"author":[{"embeddable":true,"href":"https:\/\/www.leaderpool.fr\/en\/wp-json\/wp\/v2\/users\/1"}],"replies":[{"embeddable":true,"href":"https:\/\/www.leaderpool.fr\/en\/wp-json\/wp\/v2\/comments?post=21058"}],"version-history":[{"count":2,"href":"https:\/\/www.leaderpool.fr\/en\/wp-json\/wp\/v2\/pages\/21058\/revisions"}],"predecessor-version":[{"id":21060,"href":"https:\/\/www.leaderpool.fr\/en\/wp-json\/wp\/v2\/pages\/21058\/revisions\/21060"}],"wp:attachment":[{"href":"https:\/\/www.leaderpool.fr\/en\/wp-json\/wp\/v2\/media?parent=21058"}],"curies":[{"name":"wp","href":"https:\/\/api.w.org\/{rel}","templated":true}]}}