{"id":440,"date":"2019-05-20T17:18:53","date_gmt":"2019-05-20T15:18:53","guid":{"rendered":"https:\/\/www.leaderpool.fr\/?page_id=440"},"modified":"2019-11-21T09:19:53","modified_gmt":"2019-11-21T08:19:53","slug":"contact","status":"publish","type":"page","link":"https:\/\/www.leaderpool.fr\/en\/contact\/","title":{"rendered":"CONTACT"},"content":{"rendered":"<div class=\"wpb-content-wrapper\">\n[vc_row][vc_column][vc_empty_space height=&#8221;50px&#8221;][vc_column_text]\n<h2 style=\"text-align: center;\">CONTACT<\/h2>\n<p id=\"tw-target-text\" class=\"tw-data-text tw-ta tw-text-small\" dir=\"ltr\" style=\"text-align: center;\" data-placeholder=\"Traduction\"><span lang=\"en\" tabindex=\"0\">Don&#8217;t hesitate to contact us for any question, our team will answer you as soon as possible!<\/span><\/p>\n[\/vc_column_text][vc_single_image image=&#8221;441&#8243; img_size=&#8221;large&#8221; alignment=&#8221;center&#8221;][vc_empty_space height=&#8221;20px&#8221;][vc_row_inner][vc_column_inner width=&#8221;1\/3&#8243;][vc_icon icon_fontawesome=&#8221;fa fa-phone&#8221; color=&#8221;grey&#8221; align=&#8221;center&#8221; css=&#8221;.vc_custom_1558365365494{margin-bottom: -5px !important;}&#8221;][vc_column_text]\n<p style=\"text-align: center;\"><strong>Phone<\/strong><br \/>\n+33 (0) 4 93 09 65 35<\/p>\n[\/vc_column_text][\/vc_column_inner][vc_column_inner width=&#8221;1\/3&#8243;][vc_icon icon_fontawesome=&#8221;fa fa-mobile&#8221; color=&#8221;grey&#8221; align=&#8221;center&#8221; css=&#8221;.vc_custom_1558365352455{margin-bottom: -5px !important;}&#8221;][vc_column_text]\n<p style=\"text-align: center;\"><strong>Mobile<\/strong><br \/>\n+33 (0) 6 12 94 36 75<\/p>\n[\/vc_column_text][\/vc_column_inner][vc_column_inner width=&#8221;1\/3&#8243;][vc_icon icon_fontawesome=&#8221;fa fa-fax&#8221; color=&#8221;grey&#8221; align=&#8221;center&#8221; css=&#8221;.vc_custom_1558364275020{margin-bottom: -5px !important;}&#8221;][vc_column_text]\n<p style=\"text-align: center;\"><strong>Fax<\/strong><br \/>\n+33 (0) 4 93 77 62 86<\/p>\n[\/vc_column_text][\/vc_column_inner][\/vc_row_inner][vc_empty_space height=&#8221;50px&#8221;][vc_row_inner content_placement=&#8221;middle&#8221;][vc_column_inner width=&#8221;1\/2&#8243;][vc_column_text]\n<h5>Formulaire de contact<\/h5>\n[\/vc_column_text]\n<div class=\"wpcf7 no-js\" id=\"wpcf7-f717-o2\" lang=\"fr-FR\" dir=\"ltr\" data-wpcf7-id=\"717\">\n<div class=\"screen-reader-response\"><p role=\"status\" aria-live=\"polite\" aria-atomic=\"true\"><\/p> <ul><\/ul><\/div>\n<form action=\"\/en\/wp-json\/wp\/v2\/pages\/440#wpcf7-f717-o2\" method=\"post\" class=\"wpcf7-form init\" aria-label=\"Formulaire de contact\" novalidate=\"novalidate\" data-status=\"init\">\n<div style=\"display: none;\">\n<input type=\"hidden\" name=\"_wpcf7\" value=\"717\" \/>\n<input type=\"hidden\" name=\"_wpcf7_version\" value=\"6.0\" \/>\n<input type=\"hidden\" name=\"_wpcf7_locale\" value=\"fr_FR\" \/>\n<input type=\"hidden\" name=\"_wpcf7_unit_tag\" value=\"wpcf7-f717-o2\" \/>\n<input type=\"hidden\" name=\"_wpcf7_container_post\" value=\"0\" \/>\n<input type=\"hidden\" name=\"_wpcf7_posted_data_hash\" value=\"\" \/>\n<input type=\"hidden\" name=\"_wpcf7_recaptcha_response\" value=\"\" \/>\n<\/div>\n<p><label> Name*<br \/>\n<span class=\"wpcf7-form-control-wrap\" data-name=\"your-name\"><input size=\"40\" maxlength=\"400\" class=\"wpcf7-form-control wpcf7-text wpcf7-validates-as-required\" aria-required=\"true\" aria-invalid=\"false\" value=\"\" type=\"text\" name=\"your-name\" \/><\/span> <\/label>\n<\/p>\n<p><label> Surname<br \/>\n<span class=\"wpcf7-form-control-wrap\" data-name=\"surname\"><input size=\"40\" maxlength=\"400\" class=\"wpcf7-form-control wpcf7-text\" aria-invalid=\"false\" value=\"\" type=\"text\" name=\"surname\" \/><\/span> <\/label>\n<\/p>\n<p><label> Postal<br \/>\n<span class=\"wpcf7-form-control-wrap\" data-name=\"postal\"><input size=\"40\" maxlength=\"400\" class=\"wpcf7-form-control wpcf7-text\" aria-invalid=\"false\" value=\"\" type=\"text\" name=\"postal\" \/><\/span> <\/label>\n<\/p>\n<p><label> Email*<br \/>\n<span class=\"wpcf7-form-control-wrap\" data-name=\"email\"><input size=\"40\" maxlength=\"400\" class=\"wpcf7-form-control wpcf7-email wpcf7-validates-as-required wpcf7-text wpcf7-validates-as-email\" aria-required=\"true\" aria-invalid=\"false\" value=\"\" type=\"email\" name=\"email\" \/><\/span> <\/label>\n<\/p>\n<p><label> Phone*<br \/>\n<span class=\"wpcf7-form-control-wrap\" data-name=\"phone\"><input size=\"40\" maxlength=\"400\" class=\"wpcf7-form-control wpcf7-text wpcf7-validates-as-required\" aria-required=\"true\" aria-invalid=\"false\" value=\"\" type=\"text\" name=\"phone\" \/><\/span> <\/label>\n<\/p>\n<p><label> Message*<br \/>\n<span class=\"wpcf7-form-control-wrap\" data-name=\"message\"><textarea cols=\"40\" rows=\"10\" maxlength=\"2000\" class=\"wpcf7-form-control wpcf7-textarea\" aria-invalid=\"false\" name=\"message\"><\/textarea><\/span> <\/label>\n<\/p>\n<p><input class=\"wpcf7-form-control wpcf7-submit has-spinner\" type=\"submit\" value=\"Send\" \/>\n<\/p><div class=\"wpcf7-response-output\" aria-hidden=\"true\"><\/div>\n<\/form>\n<\/div>\n[\/vc_column_inner][vc_column_inner width=&#8221;1\/2&#8243;][vc_gmaps link=&#8221;#E-8_JTNDaWZyYW1lJTIwc3JjJTNEJTIyaHR0cHMlM0ElMkYlMkZ3d3cuZ29vZ2xlLmNvbSUyRm1hcHMlMkZlbWJlZCUzRnBiJTNEJTIxMW0xNCUyMTFtOCUyMTFtMyUyMTFkNTc3My4zMTg2MjgzNjc2NzMlMjEyZDYuOTMxODAyJTIxM2Q0My42NTUyNTYlMjEzbTIlMjExaTEwMjQlMjEyaTc2OCUyMTRmMTMuMSUyMTNtMyUyMTFtMiUyMTFzMHgwJTI1M0EweDM4NzQ4M2FmZWY3MTRiZTAlMjEyc0xlYWRlciUyQlBvb2wlMkJEaWZmdXNpb24lMjE1ZTAlMjEzbTIlMjExc2ZyJTIxMnNmciUyMTR2MTU1ODM2NTA1MzMwMSUyMTVtMiUyMTFzZnIlMjEyc2ZyJTIyJTIwd2lkdGglM0QlMjI2MDAlMjIlMjBoZWlnaHQlM0QlMjI0NTAlMjIlMjBmcmFtZWJvcmRlciUzRCUyMjAlMjIlMjBzdHlsZSUzRCUyMmJvcmRlciUzQTAlMjIlMjBhbGxvd2Z1bGxzY3JlZW4lM0UlM0MlMkZpZnJhbWUlM0U=&#8221;][vc_icon icon_fontawesome=&#8221;fa fa-map-marker&#8221; color=&#8221;grey&#8221; align=&#8221;right&#8221; css=&#8221;.vc_custom_1558365294526{margin-bottom: -5px !important;}&#8221;][vc_column_text]\n<p style=\"text-align: right;\"><strong>LEADER POOL<\/strong><br \/>\nZ.I. du carr\u00e9 &#8211;\u00a0BP 74208<br \/>\n06130 Grasse<\/p>\n[\/vc_column_text][\/vc_column_inner][\/vc_row_inner][\/vc_column][\/vc_row][vc_row][vc_column][vc_empty_space height=&#8221;80px&#8221;][vc_empty_space height=&#8221;50px&#8221;][\/vc_column][\/vc_row]\n\n<\/div>","protected":false},"excerpt":{"rendered":"<p>[vc_row][vc_column][vc_empty_space height=&#8221;50px&#8221;][vc_column_text] CONTACT Don&#8217;t hesitate to contact us for any question, our team will answer you as soon as possible! [\/vc_column_text][vc_single_image image=&#8221;441&#8243; img_size=&#8221;large&#8221; alignment=&#8221;center&#8221;][vc_empty_space height=&#8221;20px&#8221;][vc_row_inner][vc_column_inner width=&#8221;1\/3&#8243;][vc_icon icon_fontawesome=&#8221;fa fa-phone&#8221; color=&#8221;grey&#8221; align=&#8221;center&#8221; css=&#8221;.vc_custom_1558365365494{margin-bottom: -5px !important;}&#8221;][vc_column_text] Phone +33 (0) 4 93 09 65 35 [\/vc_column_text][\/vc_column_inner][vc_column_inner width=&#8221;1\/3&#8243;][vc_icon icon_fontawesome=&#8221;fa fa-mobile&#8221; color=&#8221;grey&#8221; align=&#8221;center&#8221; css=&#8221;.vc_custom_1558365352455{margin-bottom: -5px !important;}&#8221;][vc_column_text] Mobile +33 (0) 6 12&hellip;<\/p>\n","protected":false},"author":1,"featured_media":0,"parent":0,"menu_order":0,"comment_status":"closed","ping_status":"closed","template":"","meta":{"footnotes":""},"class_list":["post-440","page","type-page","status-publish","hentry","description-off"],"yoast_head":"<!-- This site is optimized with the Yoast SEO plugin v23.9 - https:\/\/yoast.com\/wordpress\/plugins\/seo\/ -->\n<title>Leaderpool CONTACT - Leaderpool Piscines en b\u00e9ton arm\u00e9<\/title>\n<meta name=\"description\" content=\"Contact : Leaderpool est le sp\u00e9cialiste de la construction de piscines en b\u00e9ton arm\u00e9. N&#039;h\u00e9sitez pas \u00e0 nous contacter pour avoir plus de renseignements.\" \/>\n<meta name=\"robots\" content=\"index, follow, max-snippet:-1, max-image-preview:large, max-video-preview:-1\" \/>\n<link rel=\"canonical\" href=\"https:\/\/www.leaderpool.fr\/contact\/\" \/>\n<meta property=\"og:locale\" content=\"en_US\" \/>\n<meta property=\"og:type\" content=\"article\" \/>\n<meta property=\"og:title\" content=\"Leaderpool CONTACT - Leaderpool Piscines en b\u00e9ton arm\u00e9\" \/>\n<meta property=\"og:description\" content=\"Contact : Leaderpool est le sp\u00e9cialiste de la construction de piscines en b\u00e9ton arm\u00e9. N&#039;h\u00e9sitez pas \u00e0 nous contacter pour avoir plus de renseignements.\" \/>\n<meta property=\"og:url\" content=\"https:\/\/www.leaderpool.fr\/contact\/\" \/>\n<meta property=\"og:site_name\" content=\"Leaderpool\" \/>\n<meta property=\"article:modified_time\" content=\"2019-11-21T08:19:53+00:00\" \/>\n<meta name=\"twitter:card\" content=\"summary_large_image\" \/>\n<meta name=\"twitter:label1\" content=\"Est. reading time\" \/>\n\t<meta name=\"twitter:data1\" content=\"3 minutes\" \/>\n<script type=\"application\/ld+json\" class=\"yoast-schema-graph\">{\"@context\":\"https:\/\/schema.org\",\"@graph\":[{\"@type\":\"WebPage\",\"@id\":\"https:\/\/www.leaderpool.fr\/contact\/\",\"url\":\"https:\/\/www.leaderpool.fr\/contact\/\",\"name\":\"Leaderpool CONTACT - Leaderpool Piscines en b\u00e9ton arm\u00e9\",\"isPartOf\":{\"@id\":\"https:\/\/www.leaderpool.fr\/#website\"},\"datePublished\":\"2019-05-20T15:18:53+00:00\",\"dateModified\":\"2019-11-21T08:19:53+00:00\",\"description\":\"Contact : Leaderpool est le sp\u00e9cialiste de la construction de piscines en b\u00e9ton arm\u00e9. N'h\u00e9sitez pas \u00e0 nous contacter pour avoir plus de renseignements.\",\"breadcrumb\":{\"@id\":\"https:\/\/www.leaderpool.fr\/contact\/#breadcrumb\"},\"inLanguage\":\"en-US\",\"potentialAction\":[{\"@type\":\"ReadAction\",\"target\":[\"https:\/\/www.leaderpool.fr\/contact\/\"]}]},{\"@type\":\"BreadcrumbList\",\"@id\":\"https:\/\/www.leaderpool.fr\/contact\/#breadcrumb\",\"itemListElement\":[{\"@type\":\"ListItem\",\"position\":1,\"name\":\"Accueil\",\"item\":\"https:\/\/www.leaderpool.fr\/\"},{\"@type\":\"ListItem\",\"position\":2,\"name\":\"CONTACT\"}]},{\"@type\":\"WebSite\",\"@id\":\"https:\/\/www.leaderpool.fr\/#website\",\"url\":\"https:\/\/www.leaderpool.fr\/\",\"name\":\"Leader Pool - Piscines en b\u00e9ton arm\u00e9 monobloc\",\"description\":\"Constructeur de piscine en b\u00e9ton arm\u00e9\",\"publisher\":{\"@id\":\"https:\/\/www.leaderpool.fr\/#organization\"},\"potentialAction\":[{\"@type\":\"SearchAction\",\"target\":{\"@type\":\"EntryPoint\",\"urlTemplate\":\"https:\/\/www.leaderpool.fr\/?s={search_term_string}\"},\"query-input\":{\"@type\":\"PropertyValueSpecification\",\"valueRequired\":true,\"valueName\":\"search_term_string\"}}],\"inLanguage\":\"en-US\"},{\"@type\":\"Organization\",\"@id\":\"https:\/\/www.leaderpool.fr\/#organization\",\"name\":\"Leader Pool\",\"url\":\"https:\/\/www.leaderpool.fr\/\",\"logo\":{\"@type\":\"ImageObject\",\"inLanguage\":\"en-US\",\"@id\":\"https:\/\/www.leaderpool.fr\/#\/schema\/logo\/image\/\",\"url\":\"https:\/\/www.leaderpool.fr\/wp-content\/uploads\/2019\/04\/LEADERPOOL-LogoNoir-HD.png\",\"contentUrl\":\"https:\/\/www.leaderpool.fr\/wp-content\/uploads\/2019\/04\/LEADERPOOL-LogoNoir-HD.png\",\"width\":438,\"height\":137,\"caption\":\"Leader Pool\"},\"image\":{\"@id\":\"https:\/\/www.leaderpool.fr\/#\/schema\/logo\/image\/\"},\"sameAs\":[\"https:\/\/www.pinterest.fr\/leaderpool\",\"https:\/\/www.instagram.com\/leader.pool\/\"]}]}<\/script>\n<!-- \/ Yoast SEO plugin. -->","yoast_head_json":{"title":"Leaderpool CONTACT - Leaderpool Piscines en b\u00e9ton arm\u00e9","description":"Contact : Leaderpool est le sp\u00e9cialiste de la construction de piscines en b\u00e9ton arm\u00e9. N'h\u00e9sitez pas \u00e0 nous contacter pour avoir plus de renseignements.","robots":{"index":"index","follow":"follow","max-snippet":"max-snippet:-1","max-image-preview":"max-image-preview:large","max-video-preview":"max-video-preview:-1"},"canonical":"https:\/\/www.leaderpool.fr\/contact\/","og_locale":"en_US","og_type":"article","og_title":"Leaderpool CONTACT - Leaderpool Piscines en b\u00e9ton arm\u00e9","og_description":"Contact : Leaderpool est le sp\u00e9cialiste de la construction de piscines en b\u00e9ton arm\u00e9. N'h\u00e9sitez pas \u00e0 nous contacter pour avoir plus de renseignements.","og_url":"https:\/\/www.leaderpool.fr\/contact\/","og_site_name":"Leaderpool","article_modified_time":"2019-11-21T08:19:53+00:00","twitter_card":"summary_large_image","twitter_misc":{"Est. reading time":"3 minutes"},"schema":{"@context":"https:\/\/schema.org","@graph":[{"@type":"WebPage","@id":"https:\/\/www.leaderpool.fr\/contact\/","url":"https:\/\/www.leaderpool.fr\/contact\/","name":"Leaderpool CONTACT - Leaderpool Piscines en b\u00e9ton arm\u00e9","isPartOf":{"@id":"https:\/\/www.leaderpool.fr\/#website"},"datePublished":"2019-05-20T15:18:53+00:00","dateModified":"2019-11-21T08:19:53+00:00","description":"Contact : Leaderpool est le sp\u00e9cialiste de la construction de piscines en b\u00e9ton arm\u00e9. N'h\u00e9sitez pas \u00e0 nous contacter pour avoir plus de renseignements.","breadcrumb":{"@id":"https:\/\/www.leaderpool.fr\/contact\/#breadcrumb"},"inLanguage":"en-US","potentialAction":[{"@type":"ReadAction","target":["https:\/\/www.leaderpool.fr\/contact\/"]}]},{"@type":"BreadcrumbList","@id":"https:\/\/www.leaderpool.fr\/contact\/#breadcrumb","itemListElement":[{"@type":"ListItem","position":1,"name":"Accueil","item":"https:\/\/www.leaderpool.fr\/"},{"@type":"ListItem","position":2,"name":"CONTACT"}]},{"@type":"WebSite","@id":"https:\/\/www.leaderpool.fr\/#website","url":"https:\/\/www.leaderpool.fr\/","name":"Leader Pool - Piscines en b\u00e9ton arm\u00e9 monobloc","description":"Constructeur de piscine en b\u00e9ton arm\u00e9","publisher":{"@id":"https:\/\/www.leaderpool.fr\/#organization"},"potentialAction":[{"@type":"SearchAction","target":{"@type":"EntryPoint","urlTemplate":"https:\/\/www.leaderpool.fr\/?s={search_term_string}"},"query-input":{"@type":"PropertyValueSpecification","valueRequired":true,"valueName":"search_term_string"}}],"inLanguage":"en-US"},{"@type":"Organization","@id":"https:\/\/www.leaderpool.fr\/#organization","name":"Leader Pool","url":"https:\/\/www.leaderpool.fr\/","logo":{"@type":"ImageObject","inLanguage":"en-US","@id":"https:\/\/www.leaderpool.fr\/#\/schema\/logo\/image\/","url":"https:\/\/www.leaderpool.fr\/wp-content\/uploads\/2019\/04\/LEADERPOOL-LogoNoir-HD.png","contentUrl":"https:\/\/www.leaderpool.fr\/wp-content\/uploads\/2019\/04\/LEADERPOOL-LogoNoir-HD.png","width":438,"height":137,"caption":"Leader Pool"},"image":{"@id":"https:\/\/www.leaderpool.fr\/#\/schema\/logo\/image\/"},"sameAs":["https:\/\/www.pinterest.fr\/leaderpool","https:\/\/www.instagram.com\/leader.pool\/"]}]}},"_links":{"self":[{"href":"https:\/\/www.leaderpool.fr\/en\/wp-json\/wp\/v2\/pages\/440","targetHints":{"allow":["GET"]}}],"collection":[{"href":"https:\/\/www.leaderpool.fr\/en\/wp-json\/wp\/v2\/pages"}],"about":[{"href":"https:\/\/www.leaderpool.fr\/en\/wp-json\/wp\/v2\/types\/page"}],"author":[{"embeddable":true,"href":"https:\/\/www.leaderpool.fr\/en\/wp-json\/wp\/v2\/users\/1"}],"replies":[{"embeddable":true,"href":"https:\/\/www.leaderpool.fr\/en\/wp-json\/wp\/v2\/comments?post=440"}],"version-history":[{"count":0,"href":"https:\/\/www.leaderpool.fr\/en\/wp-json\/wp\/v2\/pages\/440\/revisions"}],"wp:attachment":[{"href":"https:\/\/www.leaderpool.fr\/en\/wp-json\/wp\/v2\/media?parent=440"}],"curies":[{"name":"wp","href":"https:\/\/api.w.org\/{rel}","templated":true}]}}