{"id":47,"date":"2019-04-30T14:11:34","date_gmt":"2019-04-30T12:11:34","guid":{"rendered":"https:\/\/www.leaderpool.fr\/?page_id=47"},"modified":"2021-12-08T18:03:01","modified_gmt":"2021-12-08T17:03:01","slug":"realisations-piscines-en-beton-arme","status":"publish","type":"page","link":"https:\/\/www.leaderpool.fr\/en\/realisations-piscines-en-beton-arme\/","title":{"rendered":"POOL GALLERY"},"content":{"rendered":"<div class=\"wpb-content-wrapper\">\n[vc_row][vc_column][vc_empty_space height=&#8221;50px&#8221;][vc_column_text]\n<h2 style=\"text-align: center;\">Discover our achievements<\/h2>\n<p style=\"text-align: center;\">and all the creations possibilities for your reinforced concrete pool.<\/p>\n[\/vc_column_text][vc_empty_space height=&#8221;90px&#8221;][vc_empty_space height=&#8221;20px&#8221;][rev_slider_vc alias=&#8221;modern-pools&#8221;][vc_empty_space height=&#8221;20px&#8221;][rev_slider_vc alias=&#8221;freeform-pools&#8221;][vc_empty_space height=&#8221;20px&#8221;][rev_slider_vc alias=&#8221;collective-pools&#8221;][vc_empty_space height=&#8221;90px&#8221;][\/vc_column][\/vc_row][vc_row content_placement=&#8221;middle&#8221; bg_type=&#8221;image&#8221; parallax_style=&#8221;vcpb-default&#8221; bg_image_new=&#8221;id^29|url^https:\/\/www.leaderpool.fr\/wp-content\/uploads\/2019\/04\/Leaderpool-Image1.jpg|caption^null|alt^null|title^Leaderpool-Image1|description^null&#8221; bg_img_attach=&#8221;fixed&#8221; bg_override=&#8221;full&#8221; css=&#8221;.vc_custom_1556630918547{margin-bottom: -70px !important;}&#8221;][vc_column][vc_empty_space height=&#8221;20px&#8221;][vc_row_inner content_placement=&#8221;middle&#8221;][vc_column_inner width=&#8221;2\/3&#8243;][vc_column_text]\n<h4 style=\"text-align: right; color: #ffffff;\">Professionals of the swimming pool you wish to propose to your customers the concept Leaderpool, the realization of their swimming pool armed concrete monoblock, ask for more piece of information !<\/h4>\n[\/vc_column_text][\/vc_column_inner][vc_column_inner width=&#8221;1\/3&#8243;][vc_btn title=&#8221;Become a partner&#8221; style=&#8221;outline&#8221; shape=&#8221;square&#8221; color=&#8221;white&#8221; align=&#8221;center&#8221; link=&#8221;url:https%3A%2F%2Fwww.leaderpool.fr%2Fdevenir-partenaire%2F|title:Devenir%20Partenaire||&#8221;][\/vc_column_inner][\/vc_row_inner][vc_empty_space height=&#8221;20px&#8221;][\/vc_column][\/vc_row]\n\n<\/div>","protected":false},"excerpt":{"rendered":"<p>[vc_row][vc_column][vc_empty_space height=&#8221;50px&#8221;][vc_column_text] Discover our achievements and all the creations possibilities for your reinforced concrete pool. [\/vc_column_text][vc_empty_space height=&#8221;90px&#8221;][vc_empty_space height=&#8221;20px&#8221;][rev_slider_vc alias=&#8221;modern-pools&#8221;][vc_empty_space height=&#8221;20px&#8221;][rev_slider_vc alias=&#8221;freeform-pools&#8221;][vc_empty_space height=&#8221;20px&#8221;][rev_slider_vc alias=&#8221;collective-pools&#8221;][vc_empty_space height=&#8221;90px&#8221;][\/vc_column][\/vc_row][vc_row content_placement=&#8221;middle&#8221; bg_type=&#8221;image&#8221; parallax_style=&#8221;vcpb-default&#8221; bg_image_new=&#8221;id^29|url^https:\/\/www.leaderpool.fr\/wp-content\/uploads\/2019\/04\/Leaderpool-Image1.jpg|caption^null|alt^null|title^Leaderpool-Image1|description^null&#8221; bg_img_attach=&#8221;fixed&#8221; bg_override=&#8221;full&#8221; css=&#8221;.vc_custom_1556630918547{margin-bottom: -70px !important;}&#8221;][vc_column][vc_empty_space height=&#8221;20px&#8221;][vc_row_inner content_placement=&#8221;middle&#8221;][vc_column_inner width=&#8221;2\/3&#8243;][vc_column_text] Professionals of the swimming pool you wish to propose to your customers the concept Leaderpool, the realization of their&hellip;<\/p>\n","protected":false},"author":1,"featured_media":11107,"parent":0,"menu_order":0,"comment_status":"closed","ping_status":"closed","template":"","meta":{"footnotes":""},"class_list":["post-47","page","type-page","status-publish","has-post-thumbnail","hentry","description-off"],"yoast_head":"<!-- This site is optimized with the Yoast SEO plugin v23.9 - https:\/\/yoast.com\/wordpress\/plugins\/seo\/ -->\n<title>R\u00e9alisations piscines en b\u00e9ton arm\u00e9 - Leaderpool<\/title>\n<meta name=\"description\" content=\"D\u00e9couvrez les r\u00e9alisations de piscines en b\u00e9ton arm\u00e9. Gr\u00e2ce au concept Leaderpool r\u00e9alis\u00e9 votre piscine sur mesure.\" \/>\n<meta name=\"robots\" content=\"index, follow, max-snippet:-1, max-image-preview:large, max-video-preview:-1\" \/>\n<link rel=\"canonical\" href=\"https:\/\/www.leaderpool.fr\/realisations-piscines-en-beton-arme\/\" \/>\n<meta property=\"og:locale\" content=\"en_US\" \/>\n<meta property=\"og:type\" content=\"article\" \/>\n<meta property=\"og:title\" content=\"R\u00e9alisations piscines en b\u00e9ton arm\u00e9 - Leaderpool\" \/>\n<meta property=\"og:description\" content=\"D\u00e9couvrez les r\u00e9alisations de piscines en b\u00e9ton arm\u00e9. Gr\u00e2ce au concept Leaderpool r\u00e9alis\u00e9 votre piscine sur mesure.\" \/>\n<meta property=\"og:url\" content=\"https:\/\/www.leaderpool.fr\/realisations-piscines-en-beton-arme\/\" \/>\n<meta property=\"og:site_name\" content=\"Leaderpool\" \/>\n<meta property=\"article:modified_time\" content=\"2021-12-08T17:03:01+00:00\" \/>\n<meta property=\"og:image\" content=\"https:\/\/www.leaderpool.fr\/wp-content\/uploads\/2021\/12\/piscine-luxe-piscine-traditionnelle-en-beton-concept-leaderpool.jpg\" \/>\n\t<meta property=\"og:image:width\" content=\"1920\" \/>\n\t<meta property=\"og:image:height\" content=\"1279\" \/>\n\t<meta property=\"og:image:type\" content=\"image\/jpeg\" \/>\n<meta name=\"twitter:card\" content=\"summary_large_image\" \/>\n<meta name=\"twitter:label1\" content=\"Est. reading time\" \/>\n\t<meta name=\"twitter:data1\" content=\"1 minute\" \/>\n<script type=\"application\/ld+json\" class=\"yoast-schema-graph\">{\"@context\":\"https:\/\/schema.org\",\"@graph\":[{\"@type\":\"WebPage\",\"@id\":\"https:\/\/www.leaderpool.fr\/realisations-piscines-en-beton-arme\/\",\"url\":\"https:\/\/www.leaderpool.fr\/realisations-piscines-en-beton-arme\/\",\"name\":\"R\u00e9alisations piscines en b\u00e9ton arm\u00e9 - Leaderpool\",\"isPartOf\":{\"@id\":\"https:\/\/www.leaderpool.fr\/#website\"},\"primaryImageOfPage\":{\"@id\":\"https:\/\/www.leaderpool.fr\/realisations-piscines-en-beton-arme\/#primaryimage\"},\"image\":{\"@id\":\"https:\/\/www.leaderpool.fr\/realisations-piscines-en-beton-arme\/#primaryimage\"},\"thumbnailUrl\":\"https:\/\/www.leaderpool.fr\/wp-content\/uploads\/2021\/12\/piscine-luxe-piscine-traditionnelle-en-beton-concept-leaderpool.jpg\",\"datePublished\":\"2019-04-30T12:11:34+00:00\",\"dateModified\":\"2021-12-08T17:03:01+00:00\",\"description\":\"D\u00e9couvrez les r\u00e9alisations de piscines en b\u00e9ton arm\u00e9. Gr\u00e2ce au concept Leaderpool r\u00e9alis\u00e9 votre piscine sur mesure.\",\"breadcrumb\":{\"@id\":\"https:\/\/www.leaderpool.fr\/realisations-piscines-en-beton-arme\/#breadcrumb\"},\"inLanguage\":\"en-US\",\"potentialAction\":[{\"@type\":\"ReadAction\",\"target\":[\"https:\/\/www.leaderpool.fr\/realisations-piscines-en-beton-arme\/\"]}]},{\"@type\":\"ImageObject\",\"inLanguage\":\"en-US\",\"@id\":\"https:\/\/www.leaderpool.fr\/realisations-piscines-en-beton-arme\/#primaryimage\",\"url\":\"https:\/\/www.leaderpool.fr\/wp-content\/uploads\/2021\/12\/piscine-luxe-piscine-traditionnelle-en-beton-concept-leaderpool.jpg\",\"contentUrl\":\"https:\/\/www.leaderpool.fr\/wp-content\/uploads\/2021\/12\/piscine-luxe-piscine-traditionnelle-en-beton-concept-leaderpool.jpg\",\"width\":1920,\"height\":1279,\"caption\":\"Piscine haut de gamme sur-mesure en b\u00e9ton arm\u00e9\"},{\"@type\":\"BreadcrumbList\",\"@id\":\"https:\/\/www.leaderpool.fr\/realisations-piscines-en-beton-arme\/#breadcrumb\",\"itemListElement\":[{\"@type\":\"ListItem\",\"position\":1,\"name\":\"Accueil\",\"item\":\"https:\/\/www.leaderpool.fr\/\"},{\"@type\":\"ListItem\",\"position\":2,\"name\":\"[:fr]LES R\u00c9ALISATIONS[:en]POOL GALLERY[:]\"}]},{\"@type\":\"WebSite\",\"@id\":\"https:\/\/www.leaderpool.fr\/#website\",\"url\":\"https:\/\/www.leaderpool.fr\/\",\"name\":\"Leader Pool - Piscines en b\u00e9ton arm\u00e9 monobloc\",\"description\":\"Constructeur de piscine en b\u00e9ton arm\u00e9\",\"publisher\":{\"@id\":\"https:\/\/www.leaderpool.fr\/#organization\"},\"potentialAction\":[{\"@type\":\"SearchAction\",\"target\":{\"@type\":\"EntryPoint\",\"urlTemplate\":\"https:\/\/www.leaderpool.fr\/?s={search_term_string}\"},\"query-input\":{\"@type\":\"PropertyValueSpecification\",\"valueRequired\":true,\"valueName\":\"search_term_string\"}}],\"inLanguage\":\"en-US\"},{\"@type\":\"Organization\",\"@id\":\"https:\/\/www.leaderpool.fr\/#organization\",\"name\":\"Leader Pool\",\"url\":\"https:\/\/www.leaderpool.fr\/\",\"logo\":{\"@type\":\"ImageObject\",\"inLanguage\":\"en-US\",\"@id\":\"https:\/\/www.leaderpool.fr\/#\/schema\/logo\/image\/\",\"url\":\"https:\/\/www.leaderpool.fr\/wp-content\/uploads\/2019\/04\/LEADERPOOL-LogoNoir-HD.png\",\"contentUrl\":\"https:\/\/www.leaderpool.fr\/wp-content\/uploads\/2019\/04\/LEADERPOOL-LogoNoir-HD.png\",\"width\":438,\"height\":137,\"caption\":\"Leader Pool\"},\"image\":{\"@id\":\"https:\/\/www.leaderpool.fr\/#\/schema\/logo\/image\/\"},\"sameAs\":[\"https:\/\/www.pinterest.fr\/leaderpool\",\"https:\/\/www.instagram.com\/leader.pool\/\"]}]}<\/script>\n<!-- \/ Yoast SEO plugin. -->","yoast_head_json":{"title":"R\u00e9alisations piscines en b\u00e9ton arm\u00e9 - Leaderpool","description":"D\u00e9couvrez les r\u00e9alisations de piscines en b\u00e9ton arm\u00e9. Gr\u00e2ce au concept Leaderpool r\u00e9alis\u00e9 votre piscine sur mesure.","robots":{"index":"index","follow":"follow","max-snippet":"max-snippet:-1","max-image-preview":"max-image-preview:large","max-video-preview":"max-video-preview:-1"},"canonical":"https:\/\/www.leaderpool.fr\/realisations-piscines-en-beton-arme\/","og_locale":"en_US","og_type":"article","og_title":"R\u00e9alisations piscines en b\u00e9ton arm\u00e9 - Leaderpool","og_description":"D\u00e9couvrez les r\u00e9alisations de piscines en b\u00e9ton arm\u00e9. Gr\u00e2ce au concept Leaderpool r\u00e9alis\u00e9 votre piscine sur mesure.","og_url":"https:\/\/www.leaderpool.fr\/realisations-piscines-en-beton-arme\/","og_site_name":"Leaderpool","article_modified_time":"2021-12-08T17:03:01+00:00","og_image":[{"width":1920,"height":1279,"url":"https:\/\/www.leaderpool.fr\/wp-content\/uploads\/2021\/12\/piscine-luxe-piscine-traditionnelle-en-beton-concept-leaderpool.jpg","type":"image\/jpeg"}],"twitter_card":"summary_large_image","twitter_misc":{"Est. reading time":"1 minute"},"schema":{"@context":"https:\/\/schema.org","@graph":[{"@type":"WebPage","@id":"https:\/\/www.leaderpool.fr\/realisations-piscines-en-beton-arme\/","url":"https:\/\/www.leaderpool.fr\/realisations-piscines-en-beton-arme\/","name":"R\u00e9alisations piscines en b\u00e9ton arm\u00e9 - Leaderpool","isPartOf":{"@id":"https:\/\/www.leaderpool.fr\/#website"},"primaryImageOfPage":{"@id":"https:\/\/www.leaderpool.fr\/realisations-piscines-en-beton-arme\/#primaryimage"},"image":{"@id":"https:\/\/www.leaderpool.fr\/realisations-piscines-en-beton-arme\/#primaryimage"},"thumbnailUrl":"https:\/\/www.leaderpool.fr\/wp-content\/uploads\/2021\/12\/piscine-luxe-piscine-traditionnelle-en-beton-concept-leaderpool.jpg","datePublished":"2019-04-30T12:11:34+00:00","dateModified":"2021-12-08T17:03:01+00:00","description":"D\u00e9couvrez les r\u00e9alisations de piscines en b\u00e9ton arm\u00e9. Gr\u00e2ce au concept Leaderpool r\u00e9alis\u00e9 votre piscine sur mesure.","breadcrumb":{"@id":"https:\/\/www.leaderpool.fr\/realisations-piscines-en-beton-arme\/#breadcrumb"},"inLanguage":"en-US","potentialAction":[{"@type":"ReadAction","target":["https:\/\/www.leaderpool.fr\/realisations-piscines-en-beton-arme\/"]}]},{"@type":"ImageObject","inLanguage":"en-US","@id":"https:\/\/www.leaderpool.fr\/realisations-piscines-en-beton-arme\/#primaryimage","url":"https:\/\/www.leaderpool.fr\/wp-content\/uploads\/2021\/12\/piscine-luxe-piscine-traditionnelle-en-beton-concept-leaderpool.jpg","contentUrl":"https:\/\/www.leaderpool.fr\/wp-content\/uploads\/2021\/12\/piscine-luxe-piscine-traditionnelle-en-beton-concept-leaderpool.jpg","width":1920,"height":1279,"caption":"Piscine haut de gamme sur-mesure en b\u00e9ton arm\u00e9"},{"@type":"BreadcrumbList","@id":"https:\/\/www.leaderpool.fr\/realisations-piscines-en-beton-arme\/#breadcrumb","itemListElement":[{"@type":"ListItem","position":1,"name":"Accueil","item":"https:\/\/www.leaderpool.fr\/"},{"@type":"ListItem","position":2,"name":"[:fr]LES R\u00c9ALISATIONS[:en]POOL GALLERY[:]"}]},{"@type":"WebSite","@id":"https:\/\/www.leaderpool.fr\/#website","url":"https:\/\/www.leaderpool.fr\/","name":"Leader Pool - Piscines en b\u00e9ton arm\u00e9 monobloc","description":"Constructeur de piscine en b\u00e9ton arm\u00e9","publisher":{"@id":"https:\/\/www.leaderpool.fr\/#organization"},"potentialAction":[{"@type":"SearchAction","target":{"@type":"EntryPoint","urlTemplate":"https:\/\/www.leaderpool.fr\/?s={search_term_string}"},"query-input":{"@type":"PropertyValueSpecification","valueRequired":true,"valueName":"search_term_string"}}],"inLanguage":"en-US"},{"@type":"Organization","@id":"https:\/\/www.leaderpool.fr\/#organization","name":"Leader Pool","url":"https:\/\/www.leaderpool.fr\/","logo":{"@type":"ImageObject","inLanguage":"en-US","@id":"https:\/\/www.leaderpool.fr\/#\/schema\/logo\/image\/","url":"https:\/\/www.leaderpool.fr\/wp-content\/uploads\/2019\/04\/LEADERPOOL-LogoNoir-HD.png","contentUrl":"https:\/\/www.leaderpool.fr\/wp-content\/uploads\/2019\/04\/LEADERPOOL-LogoNoir-HD.png","width":438,"height":137,"caption":"Leader Pool"},"image":{"@id":"https:\/\/www.leaderpool.fr\/#\/schema\/logo\/image\/"},"sameAs":["https:\/\/www.pinterest.fr\/leaderpool","https:\/\/www.instagram.com\/leader.pool\/"]}]}},"_links":{"self":[{"href":"https:\/\/www.leaderpool.fr\/en\/wp-json\/wp\/v2\/pages\/47","targetHints":{"allow":["GET"]}}],"collection":[{"href":"https:\/\/www.leaderpool.fr\/en\/wp-json\/wp\/v2\/pages"}],"about":[{"href":"https:\/\/www.leaderpool.fr\/en\/wp-json\/wp\/v2\/types\/page"}],"author":[{"embeddable":true,"href":"https:\/\/www.leaderpool.fr\/en\/wp-json\/wp\/v2\/users\/1"}],"replies":[{"embeddable":true,"href":"https:\/\/www.leaderpool.fr\/en\/wp-json\/wp\/v2\/comments?post=47"}],"version-history":[{"count":0,"href":"https:\/\/www.leaderpool.fr\/en\/wp-json\/wp\/v2\/pages\/47\/revisions"}],"wp:featuredmedia":[{"embeddable":true,"href":"https:\/\/www.leaderpool.fr\/en\/wp-json\/wp\/v2\/media\/11107"}],"wp:attachment":[{"href":"https:\/\/www.leaderpool.fr\/en\/wp-json\/wp\/v2\/media?parent=47"}],"curies":[{"name":"wp","href":"https:\/\/api.w.org\/{rel}","templated":true}]}}